{"id":106,"date":"2022-07-29T01:19:09","date_gmt":"2022-07-29T01:19:09","guid":{"rendered":"https:\/\/www.idacba.org.br\/site\/?page_id=106"},"modified":"2025-11-14T13:58:03","modified_gmt":"2025-11-14T13:58:03","slug":"projetos","status":"publish","type":"page","link":"https:\/\/www.idacba.org.br\/site\/projetos\/","title":{"rendered":"Projetos"},"content":{"rendered":"\t\t<div data-elementor-type=\"wp-page\" data-elementor-id=\"106\" class=\"elementor elementor-106\">\n\t\t\t\t\t\t\t\t\t<section class=\"elementor-section elementor-top-section elementor-element elementor-element-72932352 elementor-section-boxed elementor-section-height-default elementor-section-height-default\" data-id=\"72932352\" data-element_type=\"section\">\n\t\t\t\t\t\t<div class=\"elementor-container elementor-column-gap-default\">\n\t\t\t\t\t<div class=\"elementor-column elementor-col-100 elementor-top-column elementor-element elementor-element-31073baf\" data-id=\"31073baf\" data-element_type=\"column\">\n\t\t\t<div class=\"elementor-widget-wrap elementor-element-populated\">\n\t\t\t\t\t\t\t\t<div class=\"elementor-element elementor-element-6edd864b elementor-widget elementor-widget-text-editor\" data-id=\"6edd864b\" data-element_type=\"widget\" data-widget_type=\"text-editor.default\">\n\t\t\t\t<div class=\"elementor-widget-container\">\n\t\t\t<style>\/*! elementor - v3.11.5 - 14-03-2023 *\/\n.elementor-widget-text-editor.elementor-drop-cap-view-stacked .elementor-drop-cap{background-color:#818a91;color:#fff}.elementor-widget-text-editor.elementor-drop-cap-view-framed .elementor-drop-cap{color:#818a91;border:3px solid;background-color:transparent}.elementor-widget-text-editor:not(.elementor-drop-cap-view-default) .elementor-drop-cap{margin-top:8px}.elementor-widget-text-editor:not(.elementor-drop-cap-view-default) .elementor-drop-cap-letter{width:1em;height:1em}.elementor-widget-text-editor .elementor-drop-cap{float:left;text-align:center;line-height:1;font-size:50px}.elementor-widget-text-editor .elementor-drop-cap-letter{display:inline-block}<\/style>\t\t\t\t<p><strong>Projeto Manuel Querino &#8211; Territ\u00f3rio baixo Sul e m\u00e9dio Rio de Contas \u2013 <\/strong>Projeto realizado em parceria com o Governo do Estado da Bahia, atrav\u00e9s da Secretaria de Trabalho, Emprego, Renda e Esporte- SETRE<strong>, (<\/strong>edital 004\/2024), \u00e9 voltado para educa\u00e7\u00e3o profissional com o objetivo de atender \u00e0s demandas de qualifica\u00e7\u00e3o da popula\u00e7\u00e3o baiana dos Territ\u00f3rios de Identidade do Baixo Sul e M\u00e9dio Rio de Contas, tendo como p\u00fablico-alvo benefici\u00e1rio os (as) jovens e adultos que conclu\u00edram o ensino fundamental e estejam aptos ao mercado de trabalho. O projeto est\u00e1 em execu\u00e7\u00e3o nos munic\u00edpios de: Aratu\u00edpe, Camamu, Ibirapitanga, Igrapi\u00fana, Gandu, Ituber\u00e1, Valen\u00e7a, do territ\u00f3rio Baixo Sul, e Apuarema, Jequi\u00e9, Itagib\u00e1, Ipia\u00fa, Manoel Vitorino e Gongogi do M\u00e9dio Rio de Contas.<\/p>\n<p><strong>Projeto <\/strong><strong>Construindo Sonhos no Territ\u00f3rio do Sudoeste Baiano &#8211; <\/strong>Projeto realizado em parceria com o Governo do Estado da Bahia, atrav\u00e9s da Secretaria de Trabalho, Emprego, Renda e Esporte- SETRE (edital 005\/2024), o projeto est\u00e1 beneficiando cerca de 200 mulheres que atuam com confec\u00e7\u00e3o de roupas (costuras, reformas, adapta\u00e7\u00f5es, outras), especialmente, as chefas de fam\u00edlia e as monoparentais e que estejam \u00e0 frente de atividade comercial\/pequeno neg\u00f3cio, est\u00e1 em execu\u00e7\u00e3o\u00a0 nos munic\u00edpios de Po\u00e7\u00f5es, Bom Jesus da Serra, Mirante, Anag\u00e9, Caetanos e Vit\u00f3ria da Conquista.<\/p>\n<p><strong>Projeto <\/strong><strong>Tecendo o Amanh\u00e3 de Artesanato Tupinamb\u00e1 \u2013 <\/strong>Projeto realizado pelo Governo do Estado Da Bahia, por interm\u00e9dio da Companhia De Desenvolvimento e A\u00e7\u00e3o Regional \u2013 CAR (edital 02\/2023), o projeto aconteceu em 2025 e impulsionou a produ\u00e7\u00e3o de empreendimentos econ\u00f4micos liderados por mulheres ind\u00edgenas da comunidade Tupinamb\u00e1 de Oliven\u00e7a\/Ilh\u00e9us, com o apoio financeiro para a\u00e7\u00f5es voltadas \u00e0 base de produ\u00e7\u00e3o e a comercializa\u00e7\u00e3o de artesanatos ind\u00edgenas.<\/p>\n<p><strong>Projeto Sopa Solid\u00e1ria- <\/strong>Projeto realizado pelo Governo do \u00a0Estado Da Bahia, por interm\u00e9dio da Secret\u00e1ria de Promo\u00e7\u00e3o Da Igualdade Racial e Dos Povos e Comunidades Tradicionais \u2013 SEPROMI (edital 01\/2023), o projeto ofereceu qualifica\u00e7\u00e3o social e profissional em culin\u00e1ria popular e adquiriu equipamentos e insumos visando \u00a0promover \u00e0 autonomia econ\u00f4mica de pessoas negras e a distribui\u00e7\u00e3o gratuita de sopas \u00e0 popula\u00e7\u00e3o negra de baixa renda, incentivou a organiza\u00e7\u00e3o produtiva, o com\u00e9rcio justo e solid\u00e1rio, o consumo respons\u00e1vel, o associativismo\/cooperativismo. O projeto beneficiou moradores do bairro Renato Magalh\u00e3es, e pais e alunos da APAE &#8211; associa\u00e7\u00e3o de Pais e Amigos dos Excepcionais, na cidade de Vit\u00f3ria da Conquista no ano de 2024 e 2025.<\/p>\n<p><strong>Projeto EGBE Cat\u00e1logo dos Templos Afro-Brasileiros de Vit\u00f3ria da Conquista \u2013 BA-<\/strong> \u00a0O projeto realizado em 2021 e teve como objetivo contribuir para a diminui\u00e7\u00e3o da marginaliza\u00e7\u00e3o dos terreiros de candombl\u00e9, umbanda e outras religi\u00f5es de matriz africana no munic\u00edpio de Vit\u00f3ria da Conquista. Foram coletados dados de terreiros e realizadas fotografias que comp\u00f5em um cat\u00e1logo com 31 templos de matriz africana. Cerca de 1.860 pessoas foram beneficiadas diretamente pela a\u00e7\u00e3o. S\u00e3o indiv\u00edduos pertencentes a bairros perif\u00e9ricos da cidade, tais como Patag\u00f4nia, Nossa Senhora Aparecida, Vila Am\u00e9rica, Bruno Bacelar, Cidade Maravilhosa, Bateias, entre outros. O cat\u00e1logo poder\u00e1 ser utilizado como material did\u00e1tico, auxiliando professores de escolas p\u00fablicas a apresentarem aos seus alunos dados acerca da exist\u00eancia e do hist\u00f3rico dos terreiros da cidade, tornando-se fonte de pesquisa para a efetiva\u00e7\u00e3o, em sala de aula, da Lei Federal n\u00ba 10.639\/2003, que estabelece a obrigatoriedade da tem\u00e1tica \u201cHist\u00f3ria e Cultura Afro-Brasileira\u201d no curr\u00edculo oficial da Rede de Ensino. \u200bA iniciativa conta com o apoio da Secretaria de Promo\u00e7\u00e3o da Igualdade Racial do Estado da Bahia (Sepromi), por meio do Edital da D\u00e9cada Afrodescendente 2019.<\/p>\n<p><strong>Projeto Carnaval Cultural de Conquista 2025 \u2013 <\/strong>O evento foi realizado no ano de 2025, com o patroc\u00ednio da BAHIAG\u00c1S. O evento contou com dois eventos, um de pr\u00e9-Carnaval, o Algazarra &#8211; O Bloquinho, 1\u00ba Carnaval Infantil de Conquista, o Bloco Revivendo o Carnaval e um de p\u00f3s Carnaval, o Point do Rock, o que facilitou a participa\u00e7\u00e3o do p\u00fablico. O evento buscou apresentar aos moradores de Vit\u00f3ria da Conquista uma maneira de participar do aut\u00eantico carnaval de rua sem ter que sair da cidade, fortalecendo, portanto, a sua cena cultural, promovendo o movimento de m\u00fasicos e bandas locais e a divulga\u00e7\u00e3o de sua produ\u00e7\u00e3o cultural.<\/p>\n<p><strong>Projeto Arraia Conquista Popular 2025 \u2013 <\/strong>Projeto realizado pelo Governo do Estado da Bahia, por interm\u00e9dio da Secretaria de Cultura- SECULT. O evento aconteceu em junho de 2025 em bairros e distritos de Vit\u00f3ria da Conquista, o mesmo buscou incentivar o turismo e a cultura na cidade, a partir da valoriza\u00e7\u00e3o das festividades em homenagem a S\u00e3o Jo\u00e3o, promovendo os bairros e distritos de Vit\u00f3ria da Conquista como espa\u00e7o de interesse tur\u00edstico, cultural e de express\u00e3o de f\u00e9, estima-se que o evento beneficiou cerca de 10 mil pessoas.<\/p>\n<p><strong>Projeto S\u00e3o Pedro da Fam\u00edlia &#8211; <\/strong>Projeto realizado pelo Governo do Estado da Bahia, por interm\u00e9dio da Secretaria de Cultura- SECULT. O evento foi realizado em julho de 2024 no bairro Patag\u00f4nia na cidade de Vit\u00f3ria da Conquista, o mesmo reuniu bandas de forr\u00f3, artistas locais e apresenta\u00e7\u00f5es de grupos de quadrilhas, contou com o envolvimento de empreendedores criativos, agentes culturais e prestadores de servi\u00e7os que encontraram no evento uma oportunidade concreta de circula\u00e7\u00e3o econ\u00f4mica e fortalecimento de seus neg\u00f3cios.<\/p>\n<p><strong>Projeto Festival Su\u00ed\u00e7a Baiana &#8211; <\/strong>Projeto realizado pelo Governo do Estado da Bahia, por interm\u00e9dio da Secretaria de Cultura- SECULT. O festival que aconteceu na cidade de Vit\u00f3ria da Conquista, em outubro de 2023, veio com a miss\u00e3o de promover a valoriza\u00e7\u00e3o, forma\u00e7\u00e3o e difus\u00e3o da m\u00fasica autoral e de artistas independentes, foi uma experi\u00eancia \u00fanica e memor\u00e1vel, que reuniu talentosos artistas, bandas locais e regionais. O festival contou com uma programa\u00e7\u00e3o diversificada, que incluiu shows, feira de artesanato local, flash tattoo, vila gastron\u00f4mica e atividades para crian\u00e7as, o que contribuiu significativamente para a promo\u00e7\u00e3o do turismo cultural na cidade.<\/p>\n<p><strong>Projeto Fome Stop Pub Cover Festival &#8211; <\/strong>Projeto realizado pelo Governo do Estado da Bahia, atrav\u00e9s Superintend\u00eancia De Fomento Ao Turismo Do Estado Da Bahia \u2013 SUFOTUR. O evento foi uma experi\u00eancia que conectou m\u00fasica, cultura e marcas com prop\u00f3sito. \u00c9 um dos maiores eventos de m\u00fasica tem\u00e1tica do Sudoeste Baiano, em 2024, reuniu mais de 2.500 pessoas em dois dias de celebra\u00e7\u00e3o \u00e0 cultura do rock.<\/p>\t\t\t\t\t\t<\/div>\n\t\t\t\t<\/div>\n\t\t\t\t\t<\/div>\n\t\t<\/div>\n\t\t\t\t\t\t\t<\/div>\n\t\t<\/section>\n\t\t\t\t\t\t\t<\/div>\n\t\t","protected":false},"excerpt":{"rendered":"<p>Projeto Manuel Querino &#8211; Territ\u00f3rio baixo Sul e m\u00e9dio Rio de Contas \u2013 Projeto realizado em parceria com o Governo do Estado da Bahia, atrav\u00e9s da Secretaria de Trabalho, Emprego, Renda e Esporte- SETRE, (edital 004\/2024), \u00e9 voltado para educa\u00e7\u00e3o profissional com o objetivo de atender \u00e0s demandas de qualifica\u00e7\u00e3o da popula\u00e7\u00e3o baiana dos Territ\u00f3rios [&hellip;]<\/p>\n","protected":false},"author":1,"featured_media":0,"parent":0,"menu_order":0,"comment_status":"closed","ping_status":"closed","template":"","meta":{"footnotes":""},"class_list":["post-106","page","type-page","status-publish","hentry"],"_links":{"self":[{"href":"https:\/\/www.idacba.org.br\/site\/wp-json\/wp\/v2\/pages\/106","targetHints":{"allow":["GET"]}}],"collection":[{"href":"https:\/\/www.idacba.org.br\/site\/wp-json\/wp\/v2\/pages"}],"about":[{"href":"https:\/\/www.idacba.org.br\/site\/wp-json\/wp\/v2\/types\/page"}],"author":[{"embeddable":true,"href":"https:\/\/www.idacba.org.br\/site\/wp-json\/wp\/v2\/users\/1"}],"replies":[{"embeddable":true,"href":"https:\/\/www.idacba.org.br\/site\/wp-json\/wp\/v2\/comments?post=106"}],"version-history":[{"count":7,"href":"https:\/\/www.idacba.org.br\/site\/wp-json\/wp\/v2\/pages\/106\/revisions"}],"predecessor-version":[{"id":641,"href":"https:\/\/www.idacba.org.br\/site\/wp-json\/wp\/v2\/pages\/106\/revisions\/641"}],"wp:attachment":[{"href":"https:\/\/www.idacba.org.br\/site\/wp-json\/wp\/v2\/media?parent=106"}],"curies":[{"name":"wp","href":"https:\/\/api.w.org\/{rel}","templated":true}]}}