{"id":2,"date":"2022-07-28T23:45:41","date_gmt":"2022-07-28T23:45:41","guid":{"rendered":"http:\/\/www.idacba.org.br\/site\/?page_id=2"},"modified":"2025-12-02T13:16:00","modified_gmt":"2025-12-02T13:16:00","slug":"quemsomos","status":"publish","type":"page","link":"https:\/\/www.idacba.org.br\/site\/quemsomos\/","title":{"rendered":"Quem somos"},"content":{"rendered":"\n<p><mark style=\"background-color:rgba(0, 0, 0, 0)\" class=\"has-inline-color has-black-color\">O Instituto de Desenvolvimento Humano e A\u00e7\u00e3o Comunit\u00e1ria &#8211; IDAC iniciou suas atividades com a implanta\u00e7\u00e3o do Centro de Forma\u00e7\u00e3o Profissional Margarida Alves, organizado por um grupo de membros da comunidade da Patag\u00f4nia, bairro perif\u00e9rico da cidade de Vit\u00f3ria da Conquista, na Bahia. O Centro de Forma\u00e7\u00e3o funciona desde meados de 2000 e homenageia postumamente o Padre Aguiar, p\u00e1roco que teve destacada atua\u00e7\u00e3o na comunidade. A funda\u00e7\u00e3o do IDAC aconteceu em 21 de mar\u00e7o de 2006, com dirigentes n\u00e3o remunerados. <\/mark><\/p>\n\n\n\n<p><mark style=\"background-color:rgba(0, 0, 0, 0)\" class=\"has-inline-color has-black-color\">O IDAC tem por finalidade promover, apoiar, incentivar, patrocinar e realizar a\u00e7\u00f5es nos campos da educa\u00e7\u00e3o, qualifica\u00e7\u00e3o profissional e social, gera\u00e7\u00e3o de trabalho e renda, microcr\u00e9dito, moradia \u00e0 popula\u00e7\u00e3o de baixa renda, assist\u00eancia social, cultura, sa\u00fade, pesquisa, desportos, lazer e recrea\u00e7\u00e3o, ci\u00eancia e tecnologia, direitos humanos, meio ambiente, assist\u00eancia comunit\u00e1ria e apoio ao combate \u00e0 fome, \u00e0 mis\u00e9ria, em defesa dos Direitos Humanos, especialmente das mulheres, ind\u00edgenas, crian\u00e7as e adolescentes em situa\u00e7\u00e3o de vulnerabilidade social, das comunidades quilombolas e ribeirinhas e da popula\u00e7\u00e3o afro-brasileira.<\/mark><\/p>\n\n\n\n<p><mark style=\"background-color:rgba(0, 0, 0, 0)\" class=\"has-inline-color has-black-color\">A entidade possui sede pr\u00f3pria e atua\u00e7\u00e3o h\u00e1 mais de dez anos, realizando iniciativas como o Projeto de Inclus\u00e3o Cidad\u00e3, Prefeitura Municipal de Vit\u00f3ria da Conquista, 2006-2008; Projeto Educa\u00e7\u00e3o no Campo, FETAG-BA, 2000 a 2002, Cursos Preparat\u00f3rios para o vestibular e ENEM 2013\/2014; Projeto de qualifica\u00e7\u00e3o profissional voltado para o p\u00fablico feminino na \u00e1rea de \u201cBeleza e Cuidado Pessoal\u201d, como Cabeleireiro e Escovista, Manicure\/Pedicure, Design de Sobrancelhas, Maquiador e Depilador 2017\/2018; Projeto de Inclus\u00e3o Digital, 2016 em diante, Carnaval Conquista Cultural &#8211; Bahiag\u00e1s 2018. <\/mark><\/p>\n\n\n\n<p><mark style=\"background-color:rgba(0, 0, 0, 0)\" class=\"has-inline-color has-black-color\">Atualmente, o IDAC est\u00e1 executando em parceria com a Secretaria Estadual do Trabalho, Emprego, Renda e Esporte &#8211; SETRE e o Governo Federal a\u00e7\u00f5es de qualifica\u00e7\u00e3o social e profissional do programa Qualifica Bahia, por meio da realiza\u00e7\u00e3o de 70 cursos em 51 munic\u00edpios, distribu\u00eddos nos territ\u00f3rios de identidade do Vale do Jiquiri\u00e7\u00e1, Baixo Sul e M\u00e9dio Rio de Contas.<\/mark><\/p>\n\n\n\n<p><\/p>\n\n\n\n<p><strong>Nossa Miss\u00e3o:<\/strong><br>O Instituto de Desenvolvimento Humano e A\u00e7\u00e3o Comunit\u00e1ria- IDAC, tem como miss\u00e3o promover, apoiar, incentivar, patrocinar e realizar a\u00e7\u00f5es nos campos da educa\u00e7\u00e3o, qualifica\u00e7\u00e3o profissional e social. Contribuir com a gera\u00e7\u00e3o de trabalho e renda, microcr\u00e9dito, outras formas de micro finan\u00e7as, moradia \u00e0 popula\u00e7\u00e3o de baixa renda, assist\u00eancia social, cultura, sa\u00fade, pesquisa, desportos, lazer e recrea\u00e7\u00e3o, ci\u00eancia e tecnologia, meio ambiente, assist\u00eancia comunit\u00e1ria e apoio ao combate \u00e0 fome, \u00e0 mis\u00e9ria e em defesa dos direitos humanos.<\/p>\n\n\n\n<p><\/p>\n\n\n\n<p><strong>Nossos Valores:<\/strong><br>O Instituto de Desenvolvimento Humano e A\u00e7\u00e3o Comunit\u00e1ria- IDAC \u00e9 uma organiza\u00e7\u00e3o sem fins lucrativos que se dedica a incentivar, desenvolver, preservar a cultura, lutar contra a intoler\u00e2ncia religiosa, racismo, machismo e homofobia.<br>Nossos valores fundamentais incluem:<br><strong><em>Solidariedade<\/em><\/strong><br>Trabalhamos para promover a igualdade e a justi\u00e7a social, apoiando comunidades vulner\u00e1veis e promovendo a inclus\u00e3o; <br><strong><em>Transpar\u00eancia<\/em><\/strong><br>Acreditamos na import\u00e2ncia da transpar\u00eancia em todas as nossas a\u00e7\u00f5es e decis\u00f5es, garantindo acesso a informa\u00e7\u00f5es claras e precisas.<br><strong><em>Respeito<\/em><\/strong><br>Respeitamos a diversidade e a individualidade de cada pessoa, promovendo a\u00e7\u00f5es inclusivas e acolhedoras;<\/p>\n\n\n\n<p><strong><em>Compromisso<\/em><\/strong><br>Estamos comprometidos com a nossa miss\u00e3o e com as comunidades que servimos, trabalhando com dedica\u00e7\u00e3o e compromisso para fazer a diferen\u00e7a; esses valores guiam nossas a\u00e7\u00f5es e decis\u00f5es, e nos inspiram a continuar trabalhando para criar um mundo melhor para todos.<\/p>\n\n\n\n<p><\/p>\n\n\n\n<p><\/p>\n\n\n\n<p><\/p>\n","protected":false},"excerpt":{"rendered":"<p>O Instituto de Desenvolvimento Humano e A\u00e7\u00e3o Comunit\u00e1ria &#8211; IDAC iniciou suas atividades com a implanta\u00e7\u00e3o do Centro de Forma\u00e7\u00e3o Profissional Margarida Alves, organizado por um grupo de membros da comunidade da Patag\u00f4nia, bairro perif\u00e9rico da cidade de Vit\u00f3ria da Conquista, na Bahia. O Centro de Forma\u00e7\u00e3o funciona desde meados de 2000 e homenageia postumamente [&hellip;]<\/p>\n","protected":false},"author":1,"featured_media":0,"parent":0,"menu_order":0,"comment_status":"closed","ping_status":"closed","template":"","meta":{"footnotes":""},"class_list":["post-2","page","type-page","status-publish","hentry"],"_links":{"self":[{"href":"https:\/\/www.idacba.org.br\/site\/wp-json\/wp\/v2\/pages\/2","targetHints":{"allow":["GET"]}}],"collection":[{"href":"https:\/\/www.idacba.org.br\/site\/wp-json\/wp\/v2\/pages"}],"about":[{"href":"https:\/\/www.idacba.org.br\/site\/wp-json\/wp\/v2\/types\/page"}],"author":[{"embeddable":true,"href":"https:\/\/www.idacba.org.br\/site\/wp-json\/wp\/v2\/users\/1"}],"replies":[{"embeddable":true,"href":"https:\/\/www.idacba.org.br\/site\/wp-json\/wp\/v2\/comments?post=2"}],"version-history":[{"count":9,"href":"https:\/\/www.idacba.org.br\/site\/wp-json\/wp\/v2\/pages\/2\/revisions"}],"predecessor-version":[{"id":738,"href":"https:\/\/www.idacba.org.br\/site\/wp-json\/wp\/v2\/pages\/2\/revisions\/738"}],"wp:attachment":[{"href":"https:\/\/www.idacba.org.br\/site\/wp-json\/wp\/v2\/media?parent=2"}],"curies":[{"name":"wp","href":"https:\/\/api.w.org\/{rel}","templated":true}]}}